{"id":7492,"date":"2020-07-12T06:23:36","date_gmt":"2020-07-12T04:23:36","guid":{"rendered":"https:\/\/nabatdelivery.com\/product\/%d8%b2%d9%86%d8%a8%d9%82-%d9%86%d8%b3%d9%8a%d9%85%d9%8a-%d8%b2%d9%86%d8%a8%d9%82-%d8%a7%d9%84%d9%85%d8%b7%d8%b1\/"},"modified":"2020-07-12T06:34:14","modified_gmt":"2020-07-12T04:34:14","slug":"%d8%b2%d9%86%d8%a8%d9%82-%d9%86%d8%b3%d9%8a%d9%85%d9%8a-%d8%b2%d9%86%d8%a8%d9%82-%d8%a7%d9%84%d9%85%d8%b7%d8%b1","status":"publish","type":"product","link":"https:\/\/nabatdelivery.com\/ar\/product\/%d8%b2%d9%86%d8%a8%d9%82-%d9%86%d8%b3%d9%8a%d9%85%d9%8a-%d8%b2%d9%86%d8%a8%d9%82-%d8%a7%d9%84%d9%85%d8%b7%d8%b1\/","title":{"rendered":"\u0632\u0646\u0628\u0642 \u0646\u0633\u064a\u0645\u064a (\u0632\u0646\u0628\u0642 \u0627\u0644\u0645\u0637\u0631)"},"content":{"rendered":"<p>\u0627\u0644\u0627\u0633\u0645 \u0627\u0644\u0639\u0644\u0645\u064a :<br \/>\nZephyranthes candida \u0644\u0648\u0646 \u0627\u0644\u0623\u0632\u0647\u0627\u0631 \u0627\u0628\u064a\u0636<br \/>\nzephyranthes rosea \u0644\u0648\u0646 \u0627\u0644\u0623\u0632\u0647\u0627\u0631 \u0632\u0647\u0631\u064a<br \/>\nzephyranthes citrina \u0644\u0648\u0646 \u0627\u0644\u0623\u0632\u0647\u0627\u0631 \u0627\u0635\u0641\u0631<\/p>\n<p>\u0627\u0644\u0641\u0635\u064a\u0644\u0629: Amaryllidaceae<br \/>\n\u0627\u0644\u0627\u0633\u0645 \u0628\u0627\u0644\u0644\u063a\u0629 \u0627\u0644\u0625\u0646\u062c\u0644\u064a\u0632\u064a\u0629 \u0648\u0627\u0644\u0623\u0633\u0645\u0627\u0621 \u0627\u0644\u0634\u0627\u0626\u0639\u0629 :<\/p>\n<p>rain lily<br \/>\nPeruvian swamp lily<br \/>\nsea onion<br \/>\nwhite zephyr lily<br \/>\n\u0627\u0644\u0627\u0633\u0645 \u0628\u0627\u0644\u0644\u063a\u0629 \u0627\u0644\u062a\u0631\u0643\u064a\u0629:<br \/>\nBeyza meltem \u00e7i\u00e7e\u011fi<br \/>\nZ\u0131p\u00e7\u0131kt\u0131 \u00e7i\u00e7e\u011fi<br \/>\nG\u00fczel ya\u011fmur Zambak \u00e7i\u00e7e\u011fi<br \/>\nzephyranthes lily<br \/>\nperi lily<br \/>\ngerginim\u2013 stok imaj<br \/>\n\u0627\u0644\u0645\u0648\u0637\u0646 \u0627\u0644\u0623\u0635\u0644\u064a:<br \/>\n\u0627\u0644\u0623\u0631\u062c\u0646\u062a\u064a\u0646 \u0648\u062a\u0634\u064a\u0644\u064a \u0648\u0627\u0644\u0627\u0631\u063a\u0648\u0627\u064a<\/p>\n<p>\u0627\u0633\u0645 \u0627\u0644\u062c\u0646\u0633 \u062c\u0627\u0621 \u0645\u0646 \u0627\u0644\u0643\u0644\u0645\u0629 \u0627\u0644\u064a\u0648\u0646\u0627\u0646\u064a\u0629 zephyros \u0648\u0627\u0644\u062a\u064a \u062a\u0639\u0646\u064a \u0627\u0644\u0631\u064a\u0627\u062d \u0627\u0644\u063a\u0631\u0628\u064a\u0629 \u0644\u0623\u0646 \u0623\u0635\u0644\u0647 \u0645\u0646 \u0646\u0635\u0641 \u0627\u0644\u0643\u0631\u0629 \u0627\u0644\u063a\u0631\u0628\u064a.<br \/>\n\u0627\u0645\u0627 candida \u0648\u062a\u0639\u0646\u064a \u0627\u0628\u064a\u0636 \u0646\u0642\u064a \u0623\u0648 \u0633\u0627\u0637\u0639.<\/p>\n<p>\u0627\u0644\u0648\u0635\u0641 \u0627\u0644\u0646\u0628\u0627\u062a\u064a:<\/p>\n<p>\u0627\u0644\u0632\u0646\u0628\u0642 \u0627\u0644\u0646\u0633\u064a\u0645\u064a \u0646\u0628\u0627\u062a \u0645\u0646 \u0646\u0628\u0627\u062a\u0627\u062a \u0627\u0644\u0627\u0628\u0635\u0627\u0644 \u0627\u0644\u0645\u0632\u0647\u0631\u0629 \u064a\u062a\u0645\u064a\u0632 \u0628\u0623\u0648\u0631\u0627\u0642\u0647 \u0627\u0644\u0631\u0641\u064a\u0639\u0629 \u0648\u0627\u0644\u0637\u0648\u064a\u0644\u0629 \u0627\u0644\u0627\u0646\u0628\u0648\u0628\u064a\u0629 \u0627\u0644\u0634\u0643\u0644 \u0627\u0644\u062a\u064a \u062a\u0634\u0628\u0647 \u0627\u0644\u0639\u0634\u0628 \u0627\u0644\u0623\u062e\u0636\u0631 \u062a\u0628\u0642\u0649 \u0647\u0630\u0647 \u0627\u0644\u0623\u0648\u0631\u0627\u0642 \u062e\u0636\u0631\u0627\u0621 \u0635\u064a\u0641\u0627 \u0648\u0634\u062a\u0627\u0621 \u0627\u0632\u0647\u0627\u0631\u0647 \u062a\u0634\u0628\u0647 \u0627\u0632\u0647\u0627\u0631 \u0627\u0644\u0632\u0639\u0641\u0631\u0627\u0646 \u064a\u0635\u0644 \u0637\u0648\u0644 \u0627\u0644\u0646\u0628\u0627\u062a \u0645\u0646 15-20 \u0633\u0645 \u0627\u0632\u0647\u0627\u0631\u0647 \u062a\u062a\u0645\u064a\u0632 \u0628\u0627\u0644\u0648\u0627\u0646 \u062b\u0644\u0627\u062b\u0629 \u0645\u0646\u0647\u0627 \u0627\u0644\u0627\u0628\u064a\u0636 \u0648\u0627\u0644\u0627\u0635\u0641\u0631 \u0648\u0627\u0644\u0632\u0647\u0631\u064a \u062a\u0632\u0631\u0639 \u0627\u0628\u0635\u0627\u0644\u0647 \u0639\u0644\u0649 \u0639\u0645\u0642 5\u0633\u0645 \u0648\u062a\u062a\u0631\u0643 \u0645\u0633\u0627\u0641\u0627\u062a \u0628\u064a\u0646\u064a\u0629 \u0628\u064a\u0646 \u0627\u0644\u0627\u0628\u0635\u0627\u0644 \u0627\u0644\u0645\u0632\u0631\u0648\u0639\u0629 \u062a\u0642\u062f\u0631 \u0628 5\u0633\u0645<\/p>\n<p>\u0645\u0639\u0644\u0648\u0645\u0627\u062a \u0639\u0627\u0645\u0629 \u0639\u0646 \u0627\u0644\u0646\u0628\u0627\u062a :<\/p>\n<p>\u0627\u0644\u0646\u0648\u0639 : \u0623\u0628\u0635\u0627\u0644<\/p>\n<p>\u0627\u0644\u0645\u0648\u0642\u0639 \u0627\u0644\u0645\u0646\u0627\u062e\u064a: 7 \u0625\u0644\u0649 10<\/p>\n<p>\u0627\u0644\u0627\u0631\u062a\u0641\u0627\u0639: 0.50 \u0642\u062f\u0645 \u0625\u0644\u0649 1 \u0642\u062f\u0645<\/p>\n<p>\u0627\u0644\u0627\u0646\u062a\u0634\u0627\u0631: 0.50 \u0642\u062f\u0645 \u0625\u0644\u0649 1 \u0642\u062f\u0645<\/p>\n<p>\u0648\u0642\u062a \u0627\u0644\u0623\u0632\u0647\u0627\u0631: \u0645\u0646 \u0634\u0647\u0631 \u0622\u0628 \u062d\u062a\u0649 \u0623\u064a\u0644\u0648\u0644<\/p>\n<p>\u0644\u0648\u0646 \u0627\u0644\u0623\u0632\u0647\u0627\u0631: \u0627\u0644\u0627\u0628\u064a\u0636 \u0648\u0627\u0644\u0632\u0647\u0631\u064a \u0648\u0627\u0644\u0627\u0635\u0641\u0631<\/p>\n<p>\u0627\u0644\u0627\u0636\u0627\u0621\u0629: \u0645\u062d\u0628 \u0644\u0623\u0634\u0639\u0629 \u0627\u0644\u0634\u0645\u0633 \u0627\u0644\u0643\u0627\u0645\u0644\u0629<\/p>\n<p>\u0627\u0644\u0645\u0627\u0621 \u0648\u0627\u0644\u0631\u064a: \u0645\u062a\u0648\u0633\u0637<\/p>\n<p>\u0627\u0644\u062a\u0631\u0628\u0629 : \u062c\u064a\u062f\u0629 \u0627\u0644\u0635\u0631\u0641<\/p>\n<p>\u0627\u0644\u0639\u0646\u0627\u064a\u0629 \u0628\u0627\u0644\u0646\u0628\u0627\u062a: \u0645\u062a\u0648\u0633\u0637\u0629<\/p>\n<p>\u0627\u0644\u0627\u0633\u062a\u062e\u062f\u0627\u0645 \u0627\u0644\u0645\u0642\u062a\u0631\u062d: \u0633\u0646\u0648\u064a<\/p>\n<p>\u0627\u0644\u0645\u0642\u0627\u0648\u0645\u0629 \u0648\u0627\u0644\u062a\u062d\u0645\u0644:<\/p>\n<p>\u064a\u062a\u062d\u0645\u0644 \u0628\u0631\u0648\u062f\u0629 \u0627\u0644\u0634\u062a\u0627\u0621 \u062d\u062a\u0649 -18 \u062f\u0631\u062c\u0629 \u0645\u0626\u0648\u064a\u0629<br \/>\n\u064a\u062a\u062d\u0645\u0644 \u062f\u0631\u062c\u0629 \u0627\u0644\u062d\u0631\u0627\u0631\u0629 \u0627\u0644\u0645\u0631\u062a\u0641\u0639\u0629 \u0641\u064a \u0627\u0644\u0635\u064a\u0641<br \/>\n\u062a\u062a\u0636\u0631\u0631 \u0627\u0648\u0631\u0627\u0642\u0647 \u0648\u062a\u0635\u0641\u0631 \u0641\u0642\u0637 \u0639\u0646\u062f \u062c\u0641\u0627\u0641 \u0627\u0644\u062a\u0631\u0628\u0629 (\u0627\u0644\u0639\u0637\u0634)<\/p>\n<p>\u0627\u0644\u0627\u0647\u0645\u064a\u0629 \u0627\u0644\u062a\u0646\u0633\u064a\u0642\u064a\u0629 \u0648\u0627\u0644\u0627\u0633\u062a\u062e\u062f\u0627\u0645:<\/p>\n<p>\u064a\u0633\u062a\u062e\u062f\u0645 \u0644\u062c\u0645\u0627\u0644 \u0623\u0648\u0631\u0627\u0642\u0647 \u0648\u0627\u0632\u0647\u0627\u0631\u0647 \u0641\u064a \u0627\u0644\u062d\u062f\u0627\u0626\u0642 \u0627\u0644\u0639\u0627\u0645\u0629 \u0648\u0627\u0644\u062e\u0627\u0635\u0629 \u0639\u0644\u0649 \u062d\u0648\u0627\u0641 \u0627\u0644\u0623\u0631\u0635\u0641\u0629 \u0623\u0648 \u0627\u0644\u0645\u0633\u0627\u0631\u0627\u062a \u0648\u064a\u0645\u0643\u0646 \u0627\u0633\u062a\u062e\u062f\u0627\u0645\u0647 \u0641\u064a \u0627\u0644\u0627\u0635\u0635 \u0641\u064a \u0627\u0644\u0634\u0631\u0641\u0627\u062a \u0648\u062f\u0627\u062e\u0644 \u0627\u0644\u0645\u0646\u0632\u0644 \u0628\u0634\u0631\u0637 \u0648\u062c\u0648\u062f \u0627\u0634\u0639\u0629 \u0627\u0644\u0634\u0645\u0633 \u0648\u0627\u0644\u062d\u062f\u0627\u0626\u0642 \u0643\u0645\u0627 \u064a\u0645\u0643\u0646 \u0632\u0631\u0627\u0639\u062a\u0647 \u0643\u0645\u062c\u0645\u0648\u0639\u0627\u062a \u0646\u0628\u0627\u062a\u064a\u0629<br \/>\n\u0627\u0641\u0636\u0644 \u0627\u0633\u062a\u062e\u062f\u0627\u0645 \u0644\u0647 \u0647\u0648 \u0632\u0631\u0627\u0639\u062a\u0647 \u0641\u064a \u0627\u0644\u0641\u0631\u0627\u063a\u0627\u062a \u0627\u0644\u0628\u064a\u0646\u064a\u0629 \u0628\u064a\u0646 \u0635\u062e\u0648\u0631 \u0643\u0628\u064a\u0631\u0629 \u0644\u0643\u0646 \u064a\u062c\u0628 \u0627\u0644\u0627\u0646\u062a\u0628\u0627\u0647 \u0644\u0631\u064a \u0627\u0644\u0646\u0628\u0627\u062a \u0628\u0627\u0644\u0634\u0643\u0644 \u0627\u0644\u0645\u0646\u0627\u0633\u0628<\/p>\n<p>\u0627\u0644\u0625\u0643\u062b\u0627\u0631:<\/p>\n<p>1- \u062a\u062c\u0632\u0626\u0629 \u0627\u0644\u0627\u0628\u0635\u0627\u0644 \u0639\u0646 \u0628\u0639\u0636\u0647\u0627 \u062d\u064a\u062b \u0627\u0646 \u0643\u0644 \u0628\u0635\u0644\u0629 \u064a\u0645\u0643\u0646 \u0623\u0646 \u062a\u0635\u0628\u062d 10 \u0627\u0628\u0635\u0627\u0644 \u062e\u0644\u0627\u0644 \u0633\u0646\u0629 \u0648\u064a\u0645\u0643\u0646 \u062a\u062c\u0632\u0626\u062a\u0647\u0627 \u0648\u0641\u0635\u0644\u0647\u0627 \u0639\u0646 \u0628\u0639\u0636\u0647\u0627 \u0628\u0623\u064a \u0648\u0642\u062a \u0644\u0643\u0646 \u0644\u0627 \u064a\u0641\u0636\u0644 \u0641\u0635\u0644\u0647\u0627 \u0623\u062b\u0646\u0627\u0621 \u0627\u0644\u0627\u0632\u0647\u0627\u0631.<\/p>\n<p>2- \u0628\u0627\u0644\u0628\u0630\u0648\u0631<\/p>\n","protected":false},"excerpt":{"rendered":"<h1><\/h1>\n<table class=\"table table-sm\">\n<tbody>\n<tr>\n<th scope=\"row\"><img src=\"https:\/\/nabatdelivery.com\/wp-content\/uploads\/Watering-Frequency-nabatdelivery.com_..png\" \/><\/th>\n<th>\u0627\u0644\u0631\u0649<\/th>\n<th>\u0627\u0644\u0631\u0649 \u0628\u0646\u062a\u0638\u0627\u0645<\/th>\n<\/tr>\n<tr>\n<th scope=\"row\"><img src=\"https:\/\/nabatdelivery.com\/wp-content\/uploads\/Light-Conditions.nabatdelivery.com_.png\" \/><\/th>\n<th>\u0627\u0644\u0627\u0636\u0627\u0621\u0629<\/th>\n<th>\u0634\u0645\u0633 \u0645\u0628\u0627\u0634\u0631\u0629<\/th>\n<\/tr>\n<tr>\n<th scope=\"row\"><img src=\"https:\/\/nabatdelivery.com\/wp-content\/uploads\/Fertilization-nabatdelivery.com-.png\" \/><\/th>\n<th>\u062a\u0633\u0645\u064a\u062f<\/th>\n<th>\u062a\u0633\u0645\u064a\u062f \u0628\u0627\u0644\u0639\u0646\u0627\u0635\u0631 \u0627\u0644\u0627\u0633\u0627\u0633\u064a\u0629<\/th>\n<\/tr>\n<\/tbody>\n<\/table>\n","protected":false},"featured_media":7489,"comment_status":"open","ping_status":"closed","template":"","meta":{"spay_email":""},"product_cat":[458,453],"product_tag":[],"yoast_head":"<!-- This site is optimized with the Yoast SEO Premium plugin v17.9 (Yoast SEO v17.9) - https:\/\/yoast.com\/wordpress\/plugins\/seo\/ -->\n<title>\u0632\u0646\u0628\u0642 \u0646\u0633\u064a\u0645\u064a (\u0632\u0646\u0628\u0642 \u0627\u0644\u0645\u0637\u0631) - Nabat Delivery | The Plant That You deserve<\/title>\n<meta name=\"robots\" content=\"index, follow, max-snippet:-1, max-image-preview:large, max-video-preview:-1\" \/>\n<link rel=\"canonical\" href=\"https:\/\/nabatdelivery.com\/ar\/product\/%d8%b2%d9%86%d8%a8%d9%82-%d9%86%d8%b3%d9%8a%d9%85%d9%8a-%d8%b2%d9%86%d8%a8%d9%82-%d8%a7%d9%84%d9%85%d8%b7%d8%b1\/\" \/>\n<meta property=\"og:locale\" content=\"ar_AR\" \/>\n<meta property=\"og:type\" content=\"article\" \/>\n<meta property=\"og:title\" content=\"\u0632\u0646\u0628\u0642 \u0646\u0633\u064a\u0645\u064a (\u0632\u0646\u0628\u0642 \u0627\u0644\u0645\u0637\u0631)\" \/>\n<meta property=\"og:description\" content=\"\u0627\u0644\u0631\u0649 \u0627\u0644\u0631\u0649 \u0628\u0646\u062a\u0638\u0627\u0645    \u0627\u0644\u0627\u0636\u0627\u0621\u0629 \u0634\u0645\u0633 \u0645\u0628\u0627\u0634\u0631\u0629    \u062a\u0633\u0645\u064a\u062f \u062a\u0633\u0645\u064a\u062f \u0628\u0627\u0644\u0639\u0646\u0627\u0635\u0631 \u0627\u0644\u0627\u0633\u0627\u0633\u064a\u0629\" \/>\n<meta property=\"og:url\" content=\"https:\/\/nabatdelivery.com\/ar\/product\/%d8%b2%d9%86%d8%a8%d9%82-%d9%86%d8%b3%d9%8a%d9%85%d9%8a-%d8%b2%d9%86%d8%a8%d9%82-%d8%a7%d9%84%d9%85%d8%b7%d8%b1\/\" \/>\n<meta property=\"og:site_name\" content=\"Nabat Delivery | The Plant That You deserve\" \/>\n<meta property=\"article:publisher\" content=\"https:\/\/www.facebook.com\/nabatdelivery\/\" \/>\n<meta property=\"article:modified_time\" content=\"2020-07-12T04:34:14+00:00\" \/>\n<meta property=\"og:image\" content=\"https:\/\/nabatdelivery.com\/wp-content\/uploads\/Swamp-Lily-2-\u0627\u0644\u0632\u0646\u0628\u0642-\u0627\u0644\u0646\u0633\u064a\u0645\u064a.jpg\" \/>\n\t<meta property=\"og:image:width\" content=\"800\" \/>\n\t<meta property=\"og:image:height\" content=\"800\" \/>\n\t<meta property=\"og:image:type\" content=\"image\/jpeg\" \/>\n<script type=\"application\/ld+json\" class=\"yoast-schema-graph\">{\"@context\":\"https:\/\/schema.org\",\"@graph\":[{\"@type\":\"Organization\",\"@id\":\"https:\/\/nabatdelivery.com\/#organization\",\"name\":\"Nabat Delivery\",\"url\":\"https:\/\/nabatdelivery.com\/\",\"sameAs\":[\"https:\/\/www.facebook.com\/nabatdelivery\/\",\"https:\/\/www.instagram.com\/nabatdelivery\/\",\"http:\/\/www.youtube.com\/c\/NabatDelivery\",\"https:\/\/twitter.com\/NabatDelivery\"],\"logo\":{\"@type\":\"ImageObject\",\"@id\":\"https:\/\/nabatdelivery.com\/#logo\",\"inLanguage\":\"ar\",\"url\":\"https:\/\/nabatdelivery.com\/wp-content\/uploads\/nabat.png\",\"contentUrl\":\"https:\/\/nabatdelivery.com\/wp-content\/uploads\/nabat.png\",\"width\":426,\"height\":162,\"caption\":\"Nabat Delivery\"},\"image\":{\"@id\":\"https:\/\/nabatdelivery.com\/#logo\"}},{\"@type\":\"WebSite\",\"@id\":\"https:\/\/nabatdelivery.com\/#website\",\"url\":\"https:\/\/nabatdelivery.com\/\",\"name\":\"Nabat Delivery\",\"description\":\"The Plant That You deserve\",\"publisher\":{\"@id\":\"https:\/\/nabatdelivery.com\/#organization\"},\"potentialAction\":[{\"@type\":\"SearchAction\",\"target\":{\"@type\":\"EntryPoint\",\"urlTemplate\":\"https:\/\/nabatdelivery.com\/?s={search_term_string}\"},\"query-input\":\"required name=search_term_string\"}],\"inLanguage\":\"ar\"},{\"@type\":\"ImageObject\",\"@id\":\"https:\/\/nabatdelivery.com\/ar\/product\/%d8%b2%d9%86%d8%a8%d9%82-%d9%86%d8%b3%d9%8a%d9%85%d9%8a-%d8%b2%d9%86%d8%a8%d9%82-%d8%a7%d9%84%d9%85%d8%b7%d8%b1\/#primaryimage\",\"inLanguage\":\"ar\",\"url\":\"https:\/\/i0.wp.com\/nabatdelivery.com\/wp-content\/uploads\/Swamp-Lily-2-\\u0627\\u0644\\u0632\\u0646\\u0628\\u0642-\\u0627\\u0644\\u0646\\u0633\\u064a\\u0645\\u064a.jpg?fit=800%2C800&ssl=1\",\"contentUrl\":\"https:\/\/i0.wp.com\/nabatdelivery.com\/wp-content\/uploads\/Swamp-Lily-2-\\u0627\\u0644\\u0632\\u0646\\u0628\\u0642-\\u0627\\u0644\\u0646\\u0633\\u064a\\u0645\\u064a.jpg?fit=800%2C800&ssl=1\",\"width\":800,\"height\":800},{\"@type\":\"WebPage\",\"@id\":\"https:\/\/nabatdelivery.com\/ar\/product\/%d8%b2%d9%86%d8%a8%d9%82-%d9%86%d8%b3%d9%8a%d9%85%d9%8a-%d8%b2%d9%86%d8%a8%d9%82-%d8%a7%d9%84%d9%85%d8%b7%d8%b1\/#webpage\",\"url\":\"https:\/\/nabatdelivery.com\/ar\/product\/%d8%b2%d9%86%d8%a8%d9%82-%d9%86%d8%b3%d9%8a%d9%85%d9%8a-%d8%b2%d9%86%d8%a8%d9%82-%d8%a7%d9%84%d9%85%d8%b7%d8%b1\/\",\"name\":\"\\u0632\\u0646\\u0628\\u0642 \\u0646\\u0633\\u064a\\u0645\\u064a (\\u0632\\u0646\\u0628\\u0642 \\u0627\\u0644\\u0645\\u0637\\u0631) - Nabat Delivery | The Plant That You deserve\",\"isPartOf\":{\"@id\":\"https:\/\/nabatdelivery.com\/#website\"},\"primaryImageOfPage\":{\"@id\":\"https:\/\/nabatdelivery.com\/ar\/product\/%d8%b2%d9%86%d8%a8%d9%82-%d9%86%d8%b3%d9%8a%d9%85%d9%8a-%d8%b2%d9%86%d8%a8%d9%82-%d8%a7%d9%84%d9%85%d8%b7%d8%b1\/#primaryimage\"},\"datePublished\":\"2020-07-12T04:23:36+00:00\",\"dateModified\":\"2020-07-12T04:34:14+00:00\",\"breadcrumb\":{\"@id\":\"https:\/\/nabatdelivery.com\/ar\/product\/%d8%b2%d9%86%d8%a8%d9%82-%d9%86%d8%b3%d9%8a%d9%85%d9%8a-%d8%b2%d9%86%d8%a8%d9%82-%d8%a7%d9%84%d9%85%d8%b7%d8%b1\/#breadcrumb\"},\"inLanguage\":\"ar\",\"potentialAction\":[{\"@type\":\"ReadAction\",\"target\":[\"https:\/\/nabatdelivery.com\/ar\/product\/%d8%b2%d9%86%d8%a8%d9%82-%d9%86%d8%b3%d9%8a%d9%85%d9%8a-%d8%b2%d9%86%d8%a8%d9%82-%d8%a7%d9%84%d9%85%d8%b7%d8%b1\/\"]}]},{\"@type\":\"BreadcrumbList\",\"@id\":\"https:\/\/nabatdelivery.com\/ar\/product\/%d8%b2%d9%86%d8%a8%d9%82-%d9%86%d8%b3%d9%8a%d9%85%d9%8a-%d8%b2%d9%86%d8%a8%d9%82-%d8%a7%d9%84%d9%85%d8%b7%d8%b1\/#breadcrumb\",\"itemListElement\":[{\"@type\":\"ListItem\",\"position\":1,\"name\":\"Home\",\"item\":\"https:\/\/nabatdelivery.com\/ar\/\"},{\"@type\":\"ListItem\",\"position\":2,\"name\":\"\\u0627\\u0644\\u0633\\u0648\\u0642\",\"item\":\"https:\/\/nabatdelivery.com\/ar\/%d8%a7%d9%84%d8%b3%d9%88%d9%82\/\"},{\"@type\":\"ListItem\",\"position\":3,\"name\":\"\\u0632\\u0646\\u0628\\u0642 \\u0646\\u0633\\u064a\\u0645\\u064a (\\u0632\\u0646\\u0628\\u0642 \\u0627\\u0644\\u0645\\u0637\\u0631)\"}]}]}<\/script>\n<!-- \/ Yoast SEO Premium plugin. -->","yoast_head_json":{"title":"\u0632\u0646\u0628\u0642 \u0646\u0633\u064a\u0645\u064a (\u0632\u0646\u0628\u0642 \u0627\u0644\u0645\u0637\u0631) - Nabat Delivery | The Plant That You deserve","robots":{"index":"index","follow":"follow","max-snippet":"max-snippet:-1","max-image-preview":"max-image-preview:large","max-video-preview":"max-video-preview:-1"},"canonical":"https:\/\/nabatdelivery.com\/ar\/product\/%d8%b2%d9%86%d8%a8%d9%82-%d9%86%d8%b3%d9%8a%d9%85%d9%8a-%d8%b2%d9%86%d8%a8%d9%82-%d8%a7%d9%84%d9%85%d8%b7%d8%b1\/","og_locale":"ar_AR","og_type":"article","og_title":"\u0632\u0646\u0628\u0642 \u0646\u0633\u064a\u0645\u064a (\u0632\u0646\u0628\u0642 \u0627\u0644\u0645\u0637\u0631)","og_description":"\u0627\u0644\u0631\u0649 \u0627\u0644\u0631\u0649 \u0628\u0646\u062a\u0638\u0627\u0645    \u0627\u0644\u0627\u0636\u0627\u0621\u0629 \u0634\u0645\u0633 \u0645\u0628\u0627\u0634\u0631\u0629    \u062a\u0633\u0645\u064a\u062f \u062a\u0633\u0645\u064a\u062f \u0628\u0627\u0644\u0639\u0646\u0627\u0635\u0631 \u0627\u0644\u0627\u0633\u0627\u0633\u064a\u0629","og_url":"https:\/\/nabatdelivery.com\/ar\/product\/%d8%b2%d9%86%d8%a8%d9%82-%d9%86%d8%b3%d9%8a%d9%85%d9%8a-%d8%b2%d9%86%d8%a8%d9%82-%d8%a7%d9%84%d9%85%d8%b7%d8%b1\/","og_site_name":"Nabat Delivery | The Plant That You deserve","article_publisher":"https:\/\/www.facebook.com\/nabatdelivery\/","article_modified_time":"2020-07-12T04:34:14+00:00","og_image":[{"width":800,"height":800,"url":"https:\/\/nabatdelivery.com\/wp-content\/uploads\/Swamp-Lily-2-\u0627\u0644\u0632\u0646\u0628\u0642-\u0627\u0644\u0646\u0633\u064a\u0645\u064a.jpg","type":"image\/jpeg"}],"schema":{"@context":"https:\/\/schema.org","@graph":[{"@type":"Organization","@id":"https:\/\/nabatdelivery.com\/#organization","name":"Nabat Delivery","url":"https:\/\/nabatdelivery.com\/","sameAs":["https:\/\/www.facebook.com\/nabatdelivery\/","https:\/\/www.instagram.com\/nabatdelivery\/","http:\/\/www.youtube.com\/c\/NabatDelivery","https:\/\/twitter.com\/NabatDelivery"],"logo":{"@type":"ImageObject","@id":"https:\/\/nabatdelivery.com\/#logo","inLanguage":"ar","url":"https:\/\/nabatdelivery.com\/wp-content\/uploads\/nabat.png","contentUrl":"https:\/\/nabatdelivery.com\/wp-content\/uploads\/nabat.png","width":426,"height":162,"caption":"Nabat Delivery"},"image":{"@id":"https:\/\/nabatdelivery.com\/#logo"}},{"@type":"WebSite","@id":"https:\/\/nabatdelivery.com\/#website","url":"https:\/\/nabatdelivery.com\/","name":"Nabat Delivery","description":"The Plant That You deserve","publisher":{"@id":"https:\/\/nabatdelivery.com\/#organization"},"potentialAction":[{"@type":"SearchAction","target":{"@type":"EntryPoint","urlTemplate":"https:\/\/nabatdelivery.com\/?s={search_term_string}"},"query-input":"required name=search_term_string"}],"inLanguage":"ar"},{"@type":"ImageObject","@id":"https:\/\/nabatdelivery.com\/ar\/product\/%d8%b2%d9%86%d8%a8%d9%82-%d9%86%d8%b3%d9%8a%d9%85%d9%8a-%d8%b2%d9%86%d8%a8%d9%82-%d8%a7%d9%84%d9%85%d8%b7%d8%b1\/#primaryimage","inLanguage":"ar","url":"https:\/\/i0.wp.com\/nabatdelivery.com\/wp-content\/uploads\/Swamp-Lily-2-\u0627\u0644\u0632\u0646\u0628\u0642-\u0627\u0644\u0646\u0633\u064a\u0645\u064a.jpg?fit=800%2C800&ssl=1","contentUrl":"https:\/\/i0.wp.com\/nabatdelivery.com\/wp-content\/uploads\/Swamp-Lily-2-\u0627\u0644\u0632\u0646\u0628\u0642-\u0627\u0644\u0646\u0633\u064a\u0645\u064a.jpg?fit=800%2C800&ssl=1","width":800,"height":800},{"@type":"WebPage","@id":"https:\/\/nabatdelivery.com\/ar\/product\/%d8%b2%d9%86%d8%a8%d9%82-%d9%86%d8%b3%d9%8a%d9%85%d9%8a-%d8%b2%d9%86%d8%a8%d9%82-%d8%a7%d9%84%d9%85%d8%b7%d8%b1\/#webpage","url":"https:\/\/nabatdelivery.com\/ar\/product\/%d8%b2%d9%86%d8%a8%d9%82-%d9%86%d8%b3%d9%8a%d9%85%d9%8a-%d8%b2%d9%86%d8%a8%d9%82-%d8%a7%d9%84%d9%85%d8%b7%d8%b1\/","name":"\u0632\u0646\u0628\u0642 \u0646\u0633\u064a\u0645\u064a (\u0632\u0646\u0628\u0642 \u0627\u0644\u0645\u0637\u0631) - Nabat Delivery | The Plant That You deserve","isPartOf":{"@id":"https:\/\/nabatdelivery.com\/#website"},"primaryImageOfPage":{"@id":"https:\/\/nabatdelivery.com\/ar\/product\/%d8%b2%d9%86%d8%a8%d9%82-%d9%86%d8%b3%d9%8a%d9%85%d9%8a-%d8%b2%d9%86%d8%a8%d9%82-%d8%a7%d9%84%d9%85%d8%b7%d8%b1\/#primaryimage"},"datePublished":"2020-07-12T04:23:36+00:00","dateModified":"2020-07-12T04:34:14+00:00","breadcrumb":{"@id":"https:\/\/nabatdelivery.com\/ar\/product\/%d8%b2%d9%86%d8%a8%d9%82-%d9%86%d8%b3%d9%8a%d9%85%d9%8a-%d8%b2%d9%86%d8%a8%d9%82-%d8%a7%d9%84%d9%85%d8%b7%d8%b1\/#breadcrumb"},"inLanguage":"ar","potentialAction":[{"@type":"ReadAction","target":["https:\/\/nabatdelivery.com\/ar\/product\/%d8%b2%d9%86%d8%a8%d9%82-%d9%86%d8%b3%d9%8a%d9%85%d9%8a-%d8%b2%d9%86%d8%a8%d9%82-%d8%a7%d9%84%d9%85%d8%b7%d8%b1\/"]}]},{"@type":"BreadcrumbList","@id":"https:\/\/nabatdelivery.com\/ar\/product\/%d8%b2%d9%86%d8%a8%d9%82-%d9%86%d8%b3%d9%8a%d9%85%d9%8a-%d8%b2%d9%86%d8%a8%d9%82-%d8%a7%d9%84%d9%85%d8%b7%d8%b1\/#breadcrumb","itemListElement":[{"@type":"ListItem","position":1,"name":"Home","item":"https:\/\/nabatdelivery.com\/ar\/"},{"@type":"ListItem","position":2,"name":"\u0627\u0644\u0633\u0648\u0642","item":"https:\/\/nabatdelivery.com\/ar\/%d8%a7%d9%84%d8%b3%d9%88%d9%82\/"},{"@type":"ListItem","position":3,"name":"\u0632\u0646\u0628\u0642 \u0646\u0633\u064a\u0645\u064a (\u0632\u0646\u0628\u0642 \u0627\u0644\u0645\u0637\u0631)"}]}]}},"_links":{"self":[{"href":"https:\/\/nabatdelivery.com\/ar\/wp-json\/wp\/v2\/product\/7492"}],"collection":[{"href":"https:\/\/nabatdelivery.com\/ar\/wp-json\/wp\/v2\/product"}],"about":[{"href":"https:\/\/nabatdelivery.com\/ar\/wp-json\/wp\/v2\/types\/product"}],"replies":[{"embeddable":true,"href":"https:\/\/nabatdelivery.com\/ar\/wp-json\/wp\/v2\/comments?post=7492"}],"wp:featuredmedia":[{"embeddable":true,"href":"https:\/\/nabatdelivery.com\/ar\/wp-json\/wp\/v2\/media\/7489"}],"wp:attachment":[{"href":"https:\/\/nabatdelivery.com\/ar\/wp-json\/wp\/v2\/media?parent=7492"}],"wp:term":[{"taxonomy":"product_cat","embeddable":true,"href":"https:\/\/nabatdelivery.com\/ar\/wp-json\/wp\/v2\/product_cat?post=7492"},{"taxonomy":"product_tag","embeddable":true,"href":"https:\/\/nabatdelivery.com\/ar\/wp-json\/wp\/v2\/product_tag?post=7492"}],"curies":[{"name":"wp","href":"https:\/\/api.w.org\/{rel}","templated":true}]}}